{"id":1638,"date":"2023-10-12T12:19:08","date_gmt":"2023-10-12T10:19:08","guid":{"rendered":"https:\/\/laflordelavida.cat\/w\/?page_id=1638"},"modified":"2023-10-22T20:25:22","modified_gmt":"2023-10-22T18:25:22","slug":"estudio-biografico","status":"publish","type":"page","link":"https:\/\/laflordelavida.cat\/w\/es\/estudio-biografico\/","title":{"rendered":"Estudio Biogr\u00e1fico"},"content":{"rendered":"<p><img loading=\"lazy\" decoding=\"async\" class=\"alignnone size-full wp-image-672\" src=\"http:\/\/laflordelavida.cat\/w\/wp-content\/uploads\/2021\/07\/foto-biografia-1-scaled-e1627642096250.jpg\" alt=\"\" width=\"2173\" height=\"1436\" srcset=\"https:\/\/laflordelavida.cat\/w\/wp-content\/uploads\/2021\/07\/foto-biografia-1-scaled-e1627642096250.jpg 2173w, https:\/\/laflordelavida.cat\/w\/wp-content\/uploads\/2021\/07\/foto-biografia-1-scaled-e1627642096250-300x198.jpg 300w, https:\/\/laflordelavida.cat\/w\/wp-content\/uploads\/2021\/07\/foto-biografia-1-scaled-e1627642096250-1024x677.jpg 1024w, https:\/\/laflordelavida.cat\/w\/wp-content\/uploads\/2021\/07\/foto-biografia-1-scaled-e1627642096250-768x508.jpg 768w, https:\/\/laflordelavida.cat\/w\/wp-content\/uploads\/2021\/07\/foto-biografia-1-scaled-e1627642096250-600x397.jpg 600w\" sizes=\"auto, (max-width: 2173px) 100vw, 2173px\" \/><\/p>\n<p style=\"text-align: center;\"><span style=\"font-family: 'trebuchet ms', geneva, sans-serif; color: #808080;\"><br \/>\n<em>El estudio de la biograf\u00eda nos ayuda a descubrir aquellos <span style=\"color: #800080;\"><strong>prop\u00f3sitos de vida<\/strong><\/span> que llevamos cada uno de nosotros y que dan<br \/>\n<span style=\"color: #800080;\"><strong>sentido a nuestra existencia<\/strong><\/span>, <\/em><\/span><span style=\"font-family: 'trebuchet ms' , geneva, sans-serif; color: #808080;\"><em>pero que por falta de atenci\u00f3n a uno\/a mismo\/a no somos conscientes de ello.<\/em><\/span><\/p>\n<p>&nbsp;<\/p>\n<p style=\"text-align: center;\"><span style=\"font-size: 18pt; color: #800080; font-family: 'trebuchet ms', geneva, sans-serif;\"><em><strong>\u00a1Descubre el sentido de tu vida!<\/strong><\/em><\/span><\/p>\n<p>&nbsp;<\/p>\n<p><img loading=\"lazy\" decoding=\"async\" class=\"wp-image-320 alignright\" src=\"http:\/\/laflordelavida.cat\/w\/wp-content\/uploads\/2021\/03\/DSCF0967-copy-e1614680759517.jpg\" alt=\"\" width=\"440\" height=\"346\" srcset=\"https:\/\/laflordelavida.cat\/w\/wp-content\/uploads\/2021\/03\/DSCF0967-copy-e1614680759517.jpg 1581w, https:\/\/laflordelavida.cat\/w\/wp-content\/uploads\/2021\/03\/DSCF0967-copy-e1614680759517-300x236.jpg 300w, https:\/\/laflordelavida.cat\/w\/wp-content\/uploads\/2021\/03\/DSCF0967-copy-e1614680759517-1024x807.jpg 1024w, https:\/\/laflordelavida.cat\/w\/wp-content\/uploads\/2021\/03\/DSCF0967-copy-e1614680759517-768x605.jpg 768w, https:\/\/laflordelavida.cat\/w\/wp-content\/uploads\/2021\/03\/DSCF0967-copy-e1614680759517-600x473.jpg 600w, https:\/\/laflordelavida.cat\/w\/wp-content\/uploads\/2021\/03\/DSCF0967-copy-e1614680759517-1536x1211.jpg 1536w\" sizes=\"auto, (max-width: 440px) 100vw, 440px\" \/><\/p>\n<p style=\"text-align: left;\"><span style=\"color: #808080;\"><em><span style=\"font-family: 'trebuchet ms', geneva, sans-serif;\"><span style=\"color: #800080;\"><strong>El Estudio Biogr\u00e1fico<\/strong><\/span> pone en orden los hechos de nuestra vida desde la autoconciencia, y esto solo es ya sanador. Pero tambi\u00e9n nos permite establecer relaciones entre los hechos que nos han ocurrido y poder as\u00ed sacar conclusiones del sentido que tienen algunos golpes del destino que en su d\u00eda no entendimos.<\/span><\/em><\/span><\/p>\n<p style=\"text-align: left;\"><span style=\"font-family: 'trebuchet ms', geneva, sans-serif; color: #808080;\"><em>Esta disciplina divide los per\u00edodos de la vida en septenios<br \/>\no etapas de siete a\u00f1os, cada una\u00a0entendida desde unas leyes biogr\u00e1ficas donde acontecen importantes transformaciones.<br \/>\nEl conocimiento de estos cambios \u2013a menudo acompa\u00f1ados de crisis o momentos decisivos\u2013 <span style=\"color: #800080;\"><strong>nos hace redescubrir la propia vida desde una nueva perspectiva<\/strong>.<\/span><\/em><\/span><\/p>\n<p><span style=\"font-family: 'trebuchet ms', geneva, sans-serif; color: #808080;\"><em>Otro aspecto a tener en cuenta es que nos ayudan mucho a entender las fases evolutivas de nuestros hijos para acompa\u00f1arles en su proceso de crecimiento con el conocimiento de lo que les conviene en cada etapa.<\/em><\/span><\/p>\n<p><img loading=\"lazy\" decoding=\"async\" class=\"alignnone size-full wp-image-372\" src=\"http:\/\/laflordelavida.cat\/w\/wp-content\/uploads\/2021\/03\/4-scaled.jpg\" alt=\"\" width=\"2560\" height=\"1300\" \/><\/p>\n<p><span style=\"font-family: 'trebuchet ms', geneva, sans-serif; color: #808080;\"><em>El Estudio Biogr\u00e1fico individual se trabaja en varias <span style=\"color: #800080;\"><strong>sesiones de una hora y media<\/strong><\/span> cada una y en <span style=\"color: #800000;\"><strong><span style=\"color: #800080;\">intervalos de dos<\/span> <span style=\"color: #800080;\">semanas<\/span><\/strong><\/span>. En cada sesi\u00f3n se profundiza en un septenio de la vida (0 a 7, 7 a 14, 14 a 21&#8230;). En torno a estas sesiones, hay una inicial y otra clausura.<\/em><\/span><\/p>\n<p><img loading=\"lazy\" decoding=\"async\" class=\"wp-image-1941 aligncenter\" src=\"http:\/\/laflordelavida.cat\/w\/wp-content\/uploads\/2023\/10\/bio-300x117.jpg\" alt=\"\" width=\"523\" height=\"204\" srcset=\"https:\/\/laflordelavida.cat\/w\/wp-content\/uploads\/2023\/10\/bio-300x117.jpg 300w, https:\/\/laflordelavida.cat\/w\/wp-content\/uploads\/2023\/10\/bio-1024x400.jpg 1024w, https:\/\/laflordelavida.cat\/w\/wp-content\/uploads\/2023\/10\/bio-768x300.jpg 768w, https:\/\/laflordelavida.cat\/w\/wp-content\/uploads\/2023\/10\/bio-600x234.jpg 600w, https:\/\/laflordelavida.cat\/w\/wp-content\/uploads\/2023\/10\/bio.jpg 1107w\" sizes=\"auto, (max-width: 523px) 100vw, 523px\" \/><\/p>\n<p style=\"text-align: center;\">\n<img loading=\"lazy\" decoding=\"async\" class=\"wp-image-96 aligncenter\" src=\"http:\/\/laflordelavida.cat\/w\/wp-content\/uploads\/2020\/08\/acuarela.jpg\" alt=\"\" width=\"517\" height=\"770\" \/><\/p>\n<p>&nbsp;<\/p>\n<p style=\"text-align: center;\"><span style=\"color: #800080;\"><em><span style=\"font-family: 'trebuchet ms', geneva, sans-serif;\"><strong><span style=\"font-size: 14pt;\">Te invito a iniciar este camino&#8230; Env\u00edame un correo a <a href=\"mailto:angelina@laflordelavida.cat\">angelina@laflordelavida.cat<\/a><\/span><\/strong><\/span><\/em><\/span><\/p>\n","protected":false},"excerpt":{"rendered":"<p>El estudio de la biograf\u00eda nos ayuda a descubrir aquellos prop\u00f3sitos de vida que llevamos cada uno de nosotros y que dan sentido a nuestra existencia, pero que por falta de atenci\u00f3n a uno\/a mismo\/a no somos conscientes de ello. &nbsp; \u00a1Descubre el sentido de&nbsp;<a class=\"read-more\" href=\"https:\/\/laflordelavida.cat\/w\/es\/estudio-biografico\/\">&hellip;<\/a><\/p>\n","protected":false},"author":2,"featured_media":0,"parent":0,"menu_order":0,"comment_status":"closed","ping_status":"closed","template":"template-full.php","meta":{"footnotes":""},"class_list":["post-1638","page","type-page","status-publish","hentry"],"_links":{"self":[{"href":"https:\/\/laflordelavida.cat\/w\/wp-json\/wp\/v2\/pages\/1638","targetHints":{"allow":["GET"]}}],"collection":[{"href":"https:\/\/laflordelavida.cat\/w\/wp-json\/wp\/v2\/pages"}],"about":[{"href":"https:\/\/laflordelavida.cat\/w\/wp-json\/wp\/v2\/types\/page"}],"author":[{"embeddable":true,"href":"https:\/\/laflordelavida.cat\/w\/wp-json\/wp\/v2\/users\/2"}],"replies":[{"embeddable":true,"href":"https:\/\/laflordelavida.cat\/w\/wp-json\/wp\/v2\/comments?post=1638"}],"version-history":[{"count":11,"href":"https:\/\/laflordelavida.cat\/w\/wp-json\/wp\/v2\/pages\/1638\/revisions"}],"predecessor-version":[{"id":1943,"href":"https:\/\/laflordelavida.cat\/w\/wp-json\/wp\/v2\/pages\/1638\/revisions\/1943"}],"wp:attachment":[{"href":"https:\/\/laflordelavida.cat\/w\/wp-json\/wp\/v2\/media?parent=1638"}],"curies":[{"name":"wp","href":"https:\/\/api.w.org\/{rel}","templated":true}]}}