{"id":1630,"date":"2023-10-12T12:10:36","date_gmt":"2023-10-12T10:10:36","guid":{"rendered":"https:\/\/laflordelavida.cat\/w\/?page_id=1630"},"modified":"2023-10-22T18:59:40","modified_gmt":"2023-10-22T16:59:40","slug":"angelina-esteve","status":"publish","type":"page","link":"https:\/\/laflordelavida.cat\/w\/es\/angelina-esteve\/","title":{"rendered":"Angelina Esteve"},"content":{"rendered":"<p><img loading=\"lazy\" decoding=\"async\" class=\"wp-image-306 alignleft\" src=\"http:\/\/laflordelavida.cat\/w\/wp-content\/uploads\/2021\/03\/DSCF0932-copy-scaled.jpg\" alt=\"\" width=\"273\" height=\"486\" \/><\/p>\n<div>\n<p><span style=\"font-family: 'trebuchet ms', geneva, sans-serif; color: #808080;\"><em><strong>Angelina Esteve<\/strong> es licenciada en Filolog\u00eda por la Universidad de Barcelona, donde a partir del estudio de la semi\u00f3tica con el profesor Sebasti\u00e0 Serrano se le despert\u00f3 el inter\u00e9s hacia la <span style=\"color: #800080;\"><strong>comunicaci\u00f3n metaling\u00fc\u00edstica y el lenguaje no verbal.<\/strong><\/span><\/em><\/span><\/p>\n<p><img loading=\"lazy\" decoding=\"async\" class=\"wp-image-624 alignright\" src=\"http:\/\/laflordelavida.cat\/w\/wp-content\/uploads\/2021\/05\/guerrero4-new.jpg\" alt=\"\" width=\"146\" height=\"420\" \/><\/p>\n<p><span style=\"font-family: 'trebuchet ms', geneva, sans-serif;\"><em><span style=\"color: #808080;\">Largas estancias en pa\u00edses de Europa y Asia (India, Birmania, China, Vietnam, Jap\u00f3n) le hicieron descubrir las formas que tienen las diferentes culturas de relacionarse con el espacio cotidiano, tema que desarroll\u00f3 en la tesina de Antropolog\u00eda del Espacio con el profesor Manuel Delgado.<\/span><\/em><\/span><\/p>\n<p><span style=\"font-family: 'trebuchet ms', geneva, sans-serif;\"><em><span style=\"color: #808080;\">Realiz\u00f3 estudios complementarios en el instituto de Teolog\u00eda de Barcelona sobre fenomenolog\u00eda de la religi\u00f3n, antropolog\u00eda filos\u00f3fica, metaf\u00edsica, est\u00e9tica y simbolismo.<\/span><\/em><\/span><\/p>\n<p><span style=\"font-family: 'trebuchet ms', geneva, sans-serif;\"><em><span style=\"color: #808080;\">Fue disc\u00edpulo de Raimon Panikkar en el centro de estudios Viv\u00e1rium y Academicum de Tavertet con quien durante seis a\u00f1os particip\u00f3 de los encuentros organizando numerosas ceremonias y acciones muchas de ellas con compa\u00f1\u00eda de la soprano Montserrat Figueras.<\/span><\/em><\/span><\/p>\n<\/div>\n<p>&nbsp;<\/p>\n<p style=\"text-align: center;\"><span style=\"font-family: 'trebuchet ms', geneva, sans-serif; color: #800080;\"><em><strong><span style=\"font-size: 18pt;\">El camino hecho&#8230;<\/span><\/strong><\/em><\/span><\/p>\n<p><img loading=\"lazy\" decoding=\"async\" class=\"alignnone size-full wp-image-662\" src=\"http:\/\/laflordelavida.cat\/w\/wp-content\/uploads\/2021\/07\/angelina-llegint-fons-desenfocat.jpg\" alt=\"\" width=\"1360\" height=\"1360\" srcset=\"https:\/\/laflordelavida.cat\/w\/wp-content\/uploads\/2021\/07\/angelina-llegint-fons-desenfocat.jpg 1360w, https:\/\/laflordelavida.cat\/w\/wp-content\/uploads\/2021\/07\/angelina-llegint-fons-desenfocat-300x300.jpg 300w, https:\/\/laflordelavida.cat\/w\/wp-content\/uploads\/2021\/07\/angelina-llegint-fons-desenfocat-1024x1024.jpg 1024w, https:\/\/laflordelavida.cat\/w\/wp-content\/uploads\/2021\/07\/angelina-llegint-fons-desenfocat-150x150.jpg 150w, https:\/\/laflordelavida.cat\/w\/wp-content\/uploads\/2021\/07\/angelina-llegint-fons-desenfocat-768x768.jpg 768w, https:\/\/laflordelavida.cat\/w\/wp-content\/uploads\/2021\/07\/angelina-llegint-fons-desenfocat-600x600.jpg 600w\" sizes=\"auto, (max-width: 1360px) 100vw, 1360px\" \/><img loading=\"lazy\" decoding=\"async\" class=\"alignnone size-full wp-image-664\" src=\"http:\/\/laflordelavida.cat\/w\/wp-content\/uploads\/2021\/07\/angelina-rellotge-del-temps-scaled.jpg\" alt=\"\" width=\"2560\" height=\"1595\" \/><\/p>\n<p><span style=\"color: #808080; font-family: 'trebuchet ms', geneva, sans-serif;\"><em>Fue responsable de la <span style=\"color: #800080;\"><strong>creaci\u00f3n de espacios simb\u00f3licos<span style=\"color: #999999;\">,<\/span><\/strong><\/span> como en el <span style=\"color: #800000;\"><strong><span style=\"color: #800080;\">Simposio internacional de la filosof\u00eda intercultural de<\/span> <span style=\"color: #800080;\">Raimon Panikkar<\/span><span style=\"color: #999999;\">,<\/span><\/strong><\/span> con el fin de romper el ambiente estrictamente acad\u00e9mico y reflejar el esp\u00edritu de Raimon; no s\u00f3lo <span style=\"color: #800080;\"><strong>proyectando su pensamiento en la esfera intelectual, sino dando una expresi\u00f3n simb\u00f3lica.<\/strong><\/span><\/em><\/span><\/p>\n<p><span style=\"font-family: 'trebuchet ms', geneva, sans-serif;\"><em><span style=\"color: #808080;\">Otros ejemplos de creaci\u00f3n de espacios simb\u00f3licos son:<\/span><\/em><\/span><\/p>\n<p><span style=\"font-family: 'trebuchet ms', geneva, sans-serif;\"><em><span style=\"color: #808080;\"><span style=\"color: #800080;\"><strong>XIV International Aids Conference.\u00a0<\/strong><\/span><strong><span style=\"color: #800000;\"><span style=\"color: #800080;\">Oraci\u00f3n Interreligiosa por el Sida<\/span>.<\/span>\u00a0<\/strong>Encargo de <span style=\"color: #800000;\"><strong><span style=\"color: #800080;\">la Asociaci\u00f3n Unesco para el di\u00e1logo<\/span> <span style=\"color: #800080;\">Interreligioso<\/span><\/strong><\/span>\u00a0por la escenificaci\u00f3n del acto central, consistente en la creaci\u00f3n de un s\u00edmbolo que sirviera de altar para que las diferentes religiones pudieran dejar sus ofrendas.<\/span><\/em><\/span><\/p>\n<p><img loading=\"lazy\" decoding=\"async\" class=\"wp-image-280 alignleft\" src=\"http:\/\/laflordelavida.cat\/w\/wp-content\/uploads\/2021\/01\/safo.jpg\" alt=\"\" width=\"288\" height=\"336\" \/><\/p>\n<p><span style=\"color: #800080;\"><strong><em>\u00a0<\/em><\/strong><\/span><em><span style=\"color: #808080; font-family: 'trebuchet ms', geneva, sans-serif;\"><span style=\"color: #800080;\"><strong>10th Simposium of international association of women philosophers\u00a0<\/strong><\/span>Ambientaci\u00f3n simb\u00f3lica del escenario en el concierto de apertura que relaciona la m\u00fasica, la filosof\u00eda y las mujeres. Concierto a cargo de Montserrat Figueres y Arianna Savall, acompa\u00f1ado de unos textos que iban situando, al espectador en esta relaci\u00f3n con la mujer.<\/span><\/em><\/p>\n<p><span style=\"color: #808080; font-family: trebuchet ms, geneva, sans-serif;\"><i>Curs\u00f3 toda la formaci\u00f3n de orientaci\u00f3n antropos\u00f3fica en pedagog\u00eda Waldorf y ha sido maestra durante 15 a\u00f1os en la escuela Waldorf-Steiner El Tiler de Bellaterra, donde ha ejercido la especialidad de Educaci\u00f3n en valores.<\/i><\/span><\/p>\n<p><em><span style=\"color: #808080; font-family: 'trebuchet ms', geneva, sans-serif;\">Curs\u00f3 la formaci\u00f3n de Biograf\u00eda con la reconocida maestra Mari\u00e9 de U\u00f1a y ejerce regularmente como bi\u00f3grafa en su consulta de Collbat\u00f3.<\/span><\/em><\/p>\n<p><span style=\"color: #800080;\"><em><span style=\"font-family: 'trebuchet ms', geneva, sans-serif;\"><strong>Tambi\u00e9n organiza clases, cursos en torno a las fiestas anuales, ceremonias, rituales y sus elementos y celebraciones personalizadas.<\/strong><\/span><\/em><\/span><\/p>\n<p><em><span style=\"color: #808080; font-family: 'trebuchet ms', geneva, sans-serif;\">Ha estado<span style=\"color: #800080;\"><strong> creadora del festival de m\u00fasica vibracional FESTIVAL GONG <\/strong><\/span>que se celebra cada a\u00f1o en las Cuevas de Montserrat, del que es la directora.<\/span><\/em><\/p>\n","protected":false},"excerpt":{"rendered":"<p>Angelina Esteve es licenciada en Filolog\u00eda por la Universidad de Barcelona, donde a partir del estudio de la semi\u00f3tica con el profesor Sebasti\u00e0 Serrano se le despert\u00f3 el inter\u00e9s hacia la comunicaci\u00f3n metaling\u00fc\u00edstica y el lenguaje no verbal. Largas estancias en pa\u00edses de Europa y&nbsp;<a class=\"read-more\" href=\"https:\/\/laflordelavida.cat\/w\/es\/angelina-esteve\/\">&hellip;<\/a><\/p>\n","protected":false},"author":2,"featured_media":0,"parent":0,"menu_order":0,"comment_status":"closed","ping_status":"closed","template":"template-full.php","meta":{"footnotes":""},"class_list":["post-1630","page","type-page","status-publish","hentry"],"_links":{"self":[{"href":"https:\/\/laflordelavida.cat\/w\/wp-json\/wp\/v2\/pages\/1630","targetHints":{"allow":["GET"]}}],"collection":[{"href":"https:\/\/laflordelavida.cat\/w\/wp-json\/wp\/v2\/pages"}],"about":[{"href":"https:\/\/laflordelavida.cat\/w\/wp-json\/wp\/v2\/types\/page"}],"author":[{"embeddable":true,"href":"https:\/\/laflordelavida.cat\/w\/wp-json\/wp\/v2\/users\/2"}],"replies":[{"embeddable":true,"href":"https:\/\/laflordelavida.cat\/w\/wp-json\/wp\/v2\/comments?post=1630"}],"version-history":[{"count":16,"href":"https:\/\/laflordelavida.cat\/w\/wp-json\/wp\/v2\/pages\/1630\/revisions"}],"predecessor-version":[{"id":1924,"href":"https:\/\/laflordelavida.cat\/w\/wp-json\/wp\/v2\/pages\/1630\/revisions\/1924"}],"wp:attachment":[{"href":"https:\/\/laflordelavida.cat\/w\/wp-json\/wp\/v2\/media?parent=1630"}],"curies":[{"name":"wp","href":"https:\/\/api.w.org\/{rel}","templated":true}]}}