{"id":1617,"date":"2023-10-12T11:59:38","date_gmt":"2023-10-12T09:59:38","guid":{"rendered":"https:\/\/laflordelavida.cat\/w\/?page_id=1617"},"modified":"2023-10-18T19:32:05","modified_gmt":"2023-10-18T17:32:05","slug":"testimonis-2","status":"publish","type":"page","link":"https:\/\/laflordelavida.cat\/w\/ca\/testimonis-2\/","title":{"rendered":"Testimonis"},"content":{"rendered":"<p><img loading=\"lazy\" decoding=\"async\" class=\"alignnone wp-image-118\" src=\"http:\/\/laflordelavida.cat\/w\/wp-content\/uploads\/2020\/08\/3-forces-1.jpg\" alt=\"\" width=\"1335\" height=\"570\" \/><\/p>\n<p><img loading=\"lazy\" decoding=\"async\" class=\"wp-image-674 alignleft\" src=\"http:\/\/laflordelavida.cat\/w\/wp-content\/uploads\/2021\/07\/nenufar-retallat.jpg\" alt=\"\" width=\"301\" height=\"173\" \/><\/p>\n<p><span style=\"font-family: 'trebuchet ms', geneva, sans-serif; color: #800080;\"><em><strong>TESTIMONIS BIOGRAFIA<\/strong><\/em><\/span><\/p>\n<p><span style=\"font-family: 'trebuchet ms', geneva, sans-serif; color: #808080;\"><em>A l&#8217;Angelina, li tinc una profunda admiraci\u00f3 per tot el que fa, des d&#8217;on ho fa, com ho fa i com ho transmet. Sent capa\u00e7 de generar espais, on les paraules tenen un significat i un sentit que va m\u00e9s enll\u00e0. Tot un cam\u00ed que em fa gaudir amb estima, amor i saviesa. Em sento agra\u00efda de compartir amb l&#8217;Angelina aquests moments tan necessaris per al nostre Esperit.<\/em><\/span><br \/>\n<span style=\"font-family: 'trebuchet ms', geneva, sans-serif; color: #808080;\"><em>Guillermina Sunyer<\/em><\/span><\/p>\n<p>&nbsp;<\/p>\n<p><em><img loading=\"lazy\" decoding=\"async\" class=\"wp-image-786 alignright\" src=\"http:\/\/laflordelavida.cat\/w\/wp-content\/uploads\/2021\/07\/Sant-Francesc-d-assis-1.jpg\" alt=\"\" width=\"105\" height=\"329\" \/><span style=\"font-family: 'trebuchet ms', geneva, sans-serif; color: #808080;\">Ha estat un tresor fer la biografia amb l&#8217;Angelina. El seu c\u00e0lid i clarificador acompanyament al llarg de tots els per\u00edodes i septennis de la meva vida\u00a0<\/span><\/em><span style=\"font-family: 'trebuchet ms', geneva, sans-serif; color: #808080;\"><em>m&#8217;ha perm\u00e8s ordenar, vincular, comprendre i trobar un sentit als m\u00faltiples\u00a0esdeveniments\u00a0biogr\u00e0fics.<\/em><\/span><\/p>\n<p><span style=\"font-family: 'trebuchet ms', geneva, sans-serif; color: #808080;\"><em>La sensaci\u00f3 que tinc \u00e9s d&#8217;haver canviat\u00a0\u00a0la mirada, obrir-la a un paisatge complet amb cel, aire, sol, aigua i\u00a0terra\u00a0on abans\u00a0nom\u00e9s\u00a0en\u00a0veia\u00a0una part. El paisatge s\u2019anava ampliant a mesura que avan\u00e7\u00e0vem en els septennis i en completar el treball biogr\u00e0fic, aquest paisatge era complet. Actualment \u00a0tinc un altre sentir, una perspectiva ampliada davant els mateixos esdeveniments.<\/em><\/span><\/p>\n<p><span style=\"font-family: 'trebuchet ms', geneva, sans-serif; color: #808080;\"><em>Aquesta mirada tamb\u00e9 m&#8217;ha perm\u00e8s ser m\u00e9s conscient de les meves qualitats, i m&#8217;encoratja a ser jo mateixa, a obrir el meu cor al m\u00f3n i\u00a0 aportar-hi les meves qualitats\u00a0 amb accions i sense por.\u00a0<\/em><\/span><\/p>\n<p><span style=\"font-family: 'trebuchet ms', geneva, sans-serif; color: #808080;\"><em>A mesura que\u00a0treball\u00e0vem\u00a0els diferents\u00a0septennis, s&#8217;han donat\u00a0situacions en el\u00a0present\u00a0que resolien\u00a0aspectes\u00a0del passat amb un major enteniment; trobades amb persones que\u00a0feia\u00a0temps que no\u00a0veia\u00a0i que havien\u00a0marcat la meva vida,\u00a0noves oportunitats per resoldre situacions&#8230; Casualitat? No ho crec\u2026<\/em><\/span><\/p>\n<p><span style=\"font-family: 'trebuchet ms', geneva, sans-serif; color: #808080;\"><em>La\u00a0intenci\u00f3\u00a0d&#8217;ordenar i comprendre en tot el proc\u00e9s es veu potenciada per l&#8217;entrega i\u00a0saviesa\u00a0sense judici de l&#8217;Angelina\u00a0que corona sempre amb un peculiar sentit de l&#8217;humor que \u00e9s joia i\u00a0\u00a0b\u00e0lsam\u00a0per a l&#8217;esperit. <\/em><\/span><\/p>\n<p><span style=\"font-family: 'trebuchet ms', geneva, sans-serif; color: #808080;\"><em>GR\u00c0CIES, ANGELINA.<\/em><\/span><\/p>\n<p><span style=\"font-family: 'trebuchet ms', geneva, sans-serif; color: #808080;\"><em>Marta Duran<\/em><\/span><\/p>\n<p>&nbsp;<\/p>\n<p><span style=\"font-family: 'trebuchet ms', geneva, sans-serif; color: #808080;\"><em><img loading=\"lazy\" decoding=\"async\" class=\"wp-image-661 alignleft\" src=\"http:\/\/laflordelavida.cat\/w\/wp-content\/uploads\/2021\/07\/angelet-de-vindre.jpg\" alt=\"\" width=\"137\" height=\"298\" \/><\/em><\/span><\/p>\n<p>&nbsp;<\/p>\n<p><span style=\"font-family: 'trebuchet ms', geneva, sans-serif; color: #808080;\"><em>Recordo amb alegria el proc\u00e9s de treball biogr\u00e0fic fet\u00a0 amb l&#8217;Angelina fa m\u00e9s de sis anys.<\/em><\/span><br \/>\n<span style=\"font-family: 'trebuchet ms', geneva, sans-serif; color: #808080;\"><em>Les nostres trobades eren profundament humanes i sanadores, on la pr\u00f2pia biografia anava brollant de forma natural i espont\u00e0nia.<\/em><\/span><br \/>\n<span style=\"font-family: 'trebuchet ms', geneva, sans-serif; color: #808080;\"><em>Valoro especialment la qualitat del seu temps, la seva entrega, la seva energia acollidora, i la seva confian\u00e7a absoluta en el proc\u00e9s de la Vida.<\/em><\/span><br \/>\n<span style=\"font-family: 'trebuchet ms', geneva, sans-serif; color: #808080;\"><em>Gr\u00e0cies pel teu acompanyament amor\u00f3s, Angelina!!!<\/em><\/span><\/p>\n<p><span style=\"font-family: 'trebuchet ms', geneva, sans-serif; color: #808080;\"><em>N\u00faria Via<\/em><\/span><\/p>\n<p>&nbsp;<\/p>\n<p>&nbsp;<\/p>\n<p>&nbsp;<\/p>\n<p><span style=\"font-family: 'trebuchet ms', geneva, sans-serif; color: #808080;\"><em><strong><span style=\"color: #800080;\">TESTIMONI RITUAL DE CASAMENT<\/span> <img loading=\"lazy\" decoding=\"async\" class=\"wp-image-667 alignright\" src=\"http:\/\/laflordelavida.cat\/w\/wp-content\/uploads\/2021\/07\/elefant-cera-blanca.jpg\" alt=\"\" width=\"78\" height=\"386\" \/><\/strong><\/em><\/span><\/p>\n<p><span style=\"font-family: 'trebuchet ms', geneva, sans-serif; color: #808080;\"><em>Quan\u00a0v\u00e0rem\u00a0decidir de casar-nos, vol\u00edem\u00a0celebrar una cerim\u00f2nia diferent que respongu\u00e9s\u00a0al que cr\u00e8iem,\u00a0al que sent\u00edem, amb la m\u00fasica que realment ens emociona. Amb l&#8217;Angelina tot aix\u00f2 va ser f\u00e0cil i senzill. No nom\u00e9s perqu\u00e8 la seva sensibilitat, precisi\u00f3, treball i m\u00e8tode va fer realitat la forma,\u00a0l&#8217;estructura, el ritme, sin\u00f3\u00a0que ens va ajudar a endinsar-nos dins en un cam\u00ed de\u00a0consci\u00e8ncia, de veritat, de per qu\u00e8\u00a0hav\u00edem\u00a0pres aquesta decisi\u00f3 i de per qu\u00e8 la\u00a0vol\u00edem\u00a0compartir amb tots aquells que estimem.\u00a0<\/em><\/span><\/p>\n<p><span style=\"font-family: 'trebuchet ms', geneva, sans-serif; color: #808080;\"><em>Tot el seu acompanyament va ser des del respecte, acollint totes les religions, pensant en el que vincula \u00a0la parella i enfortint-t\u2019ho. Escoltant sempre des d&#8217;un lloc d&#8217;obertura i respecte, va anar construint amb nosaltres el ritual sagrat de la nostra uni\u00f3, pas a pas, <\/em><em>fent-lo nostre, cuidant cada detall amb una entrega de cor i cura per la feina ben feta, coordinada\u00a0des d&#8217;all\u00f2 f\u00edsic, emocional\u00a0i espiritual.\u00a0<\/em><\/span><\/p>\n<p><span style=\"font-family: 'trebuchet ms', geneva, sans-serif; color: #808080;\"><em>Ens ha fet\u00a0cr\u00e9ixer\u00a0com a\u00a0parella, endinsar-nos en el sentit profund de\u00a0la nostra uni\u00f3, en el que valorem l&#8217;un de l&#8217;altre, cosa que ens ajuda a dia\u00a0d&#8217;avui a\u00a0mantenir\u00a0viu el nostre amor. L&#8217;estructura del ritual va ser\u00a0org\u00e0nica, fluida i va anar\u00a0embolcallant\u00a0a tots els qui\u00a0ens\u00a0acompanyaven\u00a0amb la seva diversitat que, a mesura que\u00a0avan\u00e7ava\u00a0el ritual, bategaven com un\u00a0\u00fanic\u00a0cor amb nosaltres, sacralitzant amb estima\u00a0la nostra uni\u00f3 de la m\u00e0 de l\u2019Angelina.\u00a0Emoci\u00f3\u00a0a flor de pell. Infinitament\u00a0agra\u00efts.\u00a0Gr\u00e0cies,\u00a0Angelina.<\/em><\/span><\/p>\n<p><span style=\"font-family: 'trebuchet ms', geneva, sans-serif; color: #808080;\"><em>Marta i Roger<\/em><\/span><\/p>\n<p>&nbsp;<\/p>\n<p><span style=\"font-family: 'trebuchet ms', geneva, sans-serif; color: #808080;\"><em><strong><img loading=\"lazy\" decoding=\"async\" class=\"wp-image-666 alignleft\" src=\"http:\/\/laflordelavida.cat\/w\/wp-content\/uploads\/2021\/07\/detall-llibre.jpg\" alt=\"\" width=\"281\" height=\"178\" srcset=\"https:\/\/laflordelavida.cat\/w\/wp-content\/uploads\/2021\/07\/detall-llibre.jpg 2244w, https:\/\/laflordelavida.cat\/w\/wp-content\/uploads\/2021\/07\/detall-llibre-300x189.jpg 300w, https:\/\/laflordelavida.cat\/w\/wp-content\/uploads\/2021\/07\/detall-llibre-1024x647.jpg 1024w, https:\/\/laflordelavida.cat\/w\/wp-content\/uploads\/2021\/07\/detall-llibre-768x485.jpg 768w, https:\/\/laflordelavida.cat\/w\/wp-content\/uploads\/2021\/07\/detall-llibre-600x379.jpg 600w, https:\/\/laflordelavida.cat\/w\/wp-content\/uploads\/2021\/07\/detall-llibre-1536x970.jpg 1536w, https:\/\/laflordelavida.cat\/w\/wp-content\/uploads\/2021\/07\/detall-llibre-2048x1293.jpg 2048w\" sizes=\"auto, (max-width: 281px) 100vw, 281px\" \/><span style=\"color: #800080;\">TESTIMONIS EN L&#8217;\u00c0MBIT PEDAG\u00d2GIC<\/span><\/strong><\/em><\/span><\/p>\n<p><span style=\"font-family: 'trebuchet ms', geneva, sans-serif; color: #808080;\"><em>Quan vaig con\u00e8ixer l&#8217;Angelina vaig quedar molt impressionada per la seva personalitat. Parlar amb ella dona tranquil\u00b7litat i pau. El m\u00e9s impactant \u00e9s la seva percepci\u00f3 sagrada de la vida: tot t\u00e9 una ra\u00f3 de ser i tot \u00e9s un aprenentatge per a ser millor a la vida. Despr\u00e9s d&#8217;haver estat amb ella et sents reconciliat amb tu mateix i amb el m\u00f3n. Em sento afortunada d&#8217;haver treballat amb ella en projectes pedag\u00f2gics de caire espiritual, perqu\u00e8 he pogut veure de primera m\u00e0 l&#8217;impacte que deixa en les persones. Realment et toca l&#8217;\u00e0nima\u2026<br \/>\n<\/em><\/span><span style=\"font-family: 'trebuchet ms', geneva, sans-serif; color: #808080;\"><em>Georgina Escalante<\/em><\/span><\/p>\n<p>&nbsp;<\/p>\n<p><span style=\"font-family: 'trebuchet ms', geneva, sans-serif; color: #808080;\"><img loading=\"lazy\" decoding=\"async\" class=\" wp-image-848 alignright\" src=\"http:\/\/laflordelavida.cat\/w\/wp-content\/uploads\/2021\/09\/angelet-fusta31569.jpg\" alt=\"\" width=\"89\" height=\"217\" \/><\/span><\/p>\n<p style=\"margin-top: 0cm;\"><span style=\"font-family: 'trebuchet ms', geneva, sans-serif; color: #808080;\"><em>L\u2019Angelina \u00e9s una molt bona mestra d\u2019\u00c8tica. M\u2019ha ensenyat moltes coses i, per a mi, tamb\u00e9 ha sigut una font d\u2019inspiraci\u00f3. <\/em><em>Gr\u00e0cies a ella i els seus coneixements vaig comen\u00e7ar a escriure la meva autobiografia. Tamb\u00e9 ens hem recomanat lectures m\u00fatues.<\/em><\/span><\/p>\n<p style=\"margin-top: 0cm;\"><span style=\"font-family: 'trebuchet ms', geneva, sans-serif; color: #808080;\"><em>Aram Vilalta<\/em><\/span><br \/>\n<span style=\"font-family: 'trebuchet ms', geneva, sans-serif; color: #808080;\"><em>Alumne de l\u2019Angelina com a mestra d\u2019Educaci\u00f3 en valors.<\/em><\/span><\/p>\n<p><img loading=\"lazy\" decoding=\"async\" class=\"alignnone size-full wp-image-675\" src=\"http:\/\/laflordelavida.cat\/w\/wp-content\/uploads\/2021\/07\/nenufars-tira-scaled.jpg\" alt=\"\" width=\"2560\" height=\"653\" \/><\/p>\n","protected":false},"excerpt":{"rendered":"<p>TESTIMONIS BIOGRAFIA A l&#8217;Angelina, li tinc una profunda admiraci\u00f3 per tot el que fa, des d&#8217;on ho fa, com ho fa i com ho transmet. Sent capa\u00e7 de generar espais, on les paraules tenen un significat i un sentit que va m\u00e9s enll\u00e0. Tot un&nbsp;<a class=\"read-more\" href=\"https:\/\/laflordelavida.cat\/w\/ca\/testimonis-2\/\">&hellip;<\/a><\/p>\n","protected":false},"author":2,"featured_media":0,"parent":0,"menu_order":0,"comment_status":"closed","ping_status":"closed","template":"template-full.php","meta":{"footnotes":""},"class_list":["post-1617","page","type-page","status-publish","hentry"],"_links":{"self":[{"href":"https:\/\/laflordelavida.cat\/w\/wp-json\/wp\/v2\/pages\/1617","targetHints":{"allow":["GET"]}}],"collection":[{"href":"https:\/\/laflordelavida.cat\/w\/wp-json\/wp\/v2\/pages"}],"about":[{"href":"https:\/\/laflordelavida.cat\/w\/wp-json\/wp\/v2\/types\/page"}],"author":[{"embeddable":true,"href":"https:\/\/laflordelavida.cat\/w\/wp-json\/wp\/v2\/users\/2"}],"replies":[{"embeddable":true,"href":"https:\/\/laflordelavida.cat\/w\/wp-json\/wp\/v2\/comments?post=1617"}],"version-history":[{"count":2,"href":"https:\/\/laflordelavida.cat\/w\/wp-json\/wp\/v2\/pages\/1617\/revisions"}],"predecessor-version":[{"id":1828,"href":"https:\/\/laflordelavida.cat\/w\/wp-json\/wp\/v2\/pages\/1617\/revisions\/1828"}],"wp:attachment":[{"href":"https:\/\/laflordelavida.cat\/w\/wp-json\/wp\/v2\/media?parent=1617"}],"curies":[{"name":"wp","href":"https:\/\/api.w.org\/{rel}","templated":true}]}}