{"id":1601,"date":"2023-10-12T11:40:37","date_gmt":"2023-10-12T09:40:37","guid":{"rendered":"https:\/\/laflordelavida.cat\/w\/?page_id=1601"},"modified":"2023-10-22T18:56:45","modified_gmt":"2023-10-22T16:56:45","slug":"angelina-esteve-cat","status":"publish","type":"page","link":"https:\/\/laflordelavida.cat\/w\/ca\/angelina-esteve-cat\/","title":{"rendered":"Angelina Esteve"},"content":{"rendered":"<p><img loading=\"lazy\" decoding=\"async\" class=\"wp-image-306 alignleft\" src=\"http:\/\/laflordelavida.cat\/w\/wp-content\/uploads\/2021\/03\/DSCF0932-copy-scaled.jpg\" alt=\"\" width=\"273\" height=\"486\" \/><\/p>\n<div>\n<p><span style=\"font-family: 'trebuchet ms', geneva, sans-serif; color: #808080;\"><em><strong>Angelina Esteve<\/strong> \u00e9s llicenciada en Filologia per la Universitat de Barcelona, on a partir de l\u2019estudi de la semi\u00f2tica amb el professor Sebasti\u00e0 Serrano se li va despertar l\u2019inter\u00e8s cap a la <span style=\"color: #800080;\"><strong>comunicaci\u00f3 metaling\u00fc\u00edstica i el llenguatge no verbal.<\/strong><\/span><\/em><\/span><\/p>\n<p><img loading=\"lazy\" decoding=\"async\" class=\"wp-image-624 alignright\" src=\"http:\/\/laflordelavida.cat\/w\/wp-content\/uploads\/2021\/05\/guerrero4-new.jpg\" alt=\"\" width=\"146\" height=\"420\" \/><\/p>\n<p><span style=\"font-family: 'trebuchet ms', geneva, sans-serif;\"><em><span style=\"color: #808080;\">Llargues estades en pa\u00efsos d\u2019Europa i \u00c0sia (\u00cdndia, Birm\u00e0nia, Xina, Vietnam, Jap\u00f3) li van fer descobrir les maneres que tenen les diferents cultures de relacionar-se amb l\u2019espai quotidi\u00e0, tema que va desenvolupar a la tesina d\u2019Antropologia de l\u2019Espai amb el professor Manuel Delgado.<\/span><\/em><\/span><\/p>\n<p><span style=\"font-family: 'trebuchet ms', geneva, sans-serif;\"><em><span style=\"color: #808080;\">Va realitzar estudis complementaris a l\u2019institut de Teologia de Barcelona sobre fenomenologia de la religi\u00f3, antropologia filos\u00f2fica, metaf\u00edsica, est\u00e8tica i simbolisme.<\/span><\/em><\/span><\/p>\n<p><span style=\"font-family: 'trebuchet ms', geneva, sans-serif;\"><em><span style=\"color: #808080;\">Va ser deixeble de Raimon Panikkar al centre d\u2019estudis Viv\u00e0rium i Academicum de Tavertet amb qui durant sis anys va participar de les trobades organitzant nombroses cerim\u00f2nies i accions moltes de les quals amb companyia de la soprano Montserrat Figueras.<\/span><\/em><\/span><\/p>\n<\/div>\n<p>&nbsp;<\/p>\n<p style=\"text-align: center;\"><span style=\"font-family: 'trebuchet ms', geneva, sans-serif; color: #800080;\"><em><strong><span style=\"font-size: 18pt;\">El cam\u00ed fet &#8230;<\/span><\/strong><\/em><\/span><\/p>\n<p><img loading=\"lazy\" decoding=\"async\" class=\"alignnone size-full wp-image-662\" src=\"http:\/\/laflordelavida.cat\/w\/wp-content\/uploads\/2021\/07\/angelina-llegint-fons-desenfocat.jpg\" alt=\"\" width=\"1360\" height=\"1360\" srcset=\"https:\/\/laflordelavida.cat\/w\/wp-content\/uploads\/2021\/07\/angelina-llegint-fons-desenfocat.jpg 1360w, https:\/\/laflordelavida.cat\/w\/wp-content\/uploads\/2021\/07\/angelina-llegint-fons-desenfocat-300x300.jpg 300w, https:\/\/laflordelavida.cat\/w\/wp-content\/uploads\/2021\/07\/angelina-llegint-fons-desenfocat-1024x1024.jpg 1024w, https:\/\/laflordelavida.cat\/w\/wp-content\/uploads\/2021\/07\/angelina-llegint-fons-desenfocat-150x150.jpg 150w, https:\/\/laflordelavida.cat\/w\/wp-content\/uploads\/2021\/07\/angelina-llegint-fons-desenfocat-768x768.jpg 768w, https:\/\/laflordelavida.cat\/w\/wp-content\/uploads\/2021\/07\/angelina-llegint-fons-desenfocat-600x600.jpg 600w\" sizes=\"auto, (max-width: 1360px) 100vw, 1360px\" \/><img loading=\"lazy\" decoding=\"async\" class=\"alignnone size-full wp-image-664\" src=\"http:\/\/laflordelavida.cat\/w\/wp-content\/uploads\/2021\/07\/angelina-rellotge-del-temps-scaled.jpg\" alt=\"\" width=\"2560\" height=\"1595\" \/><\/p>\n<p><span style=\"color: #808080; font-family: 'trebuchet ms', geneva, sans-serif;\"><em>Va ser responsable de la <span style=\"color: #800080;\"><strong>creaci\u00f3 d&#8217;espais simb\u00f2lics<span style=\"color: #999999;\">,<\/span><\/strong><\/span> com en el <span style=\"color: #800000;\"><strong><span style=\"color: #800080;\">Simposi internacional de la filosofia intercultural de<\/span> <span style=\"color: #800080;\">Raimon Panikkar<\/span><span style=\"color: #999999;\">,<\/span><\/strong><\/span> amb la finalitat de trencar l\u2019ambient estrictament acad\u00e8mic i reflectir l\u2019esperit d\u2019en Raimon; no tan sols<span style=\"color: #800080;\"><strong> projectant el seu pensament en l\u2019esfera intel\u00b7lectual, sin\u00f3 donant-hi una expressi\u00f3 simb\u00f2lica.<\/strong><\/span><\/em><\/span><\/p>\n<p><span style=\"font-family: 'trebuchet ms', geneva, sans-serif;\"><em><span style=\"color: #808080;\">Altres exemples de creaci\u00f3 d&#8217;espais simb\u00f2lics s\u00f3n:<\/span><\/em><\/span><\/p>\n<p><span style=\"font-family: 'trebuchet ms', geneva, sans-serif;\"><em><span style=\"color: #808080;\"><span style=\"color: #800080;\"><strong>XIV International Aids Conference.\u00a0<\/strong><\/span><strong><span style=\"color: #800000;\"><span style=\"color: #800080;\">Pregaria Interreligiosa per la Sida<\/span>.<\/span>\u00a0<\/strong>Enc\u00e0rrec de <span style=\"color: #800000;\"><strong>l<span style=\"color: #800080;\">\u2019Associaci\u00f3 Unesco per al di\u00e0leg<\/span> <span style=\"color: #800080;\">Interreligi\u00f3s<\/span><\/strong><\/span> per l\u2019escenificaci\u00f3 de l\u2019acte central, consistent en la creaci\u00f3 d\u2019un s\u00edmbol que \u00a0serv\u00eds d\u2019altar perqu\u00e8 les diferents religions poguessin deixar les seves ofrenes.<\/span><\/em><\/span><\/p>\n<p><img loading=\"lazy\" decoding=\"async\" class=\"wp-image-280 alignleft\" src=\"http:\/\/laflordelavida.cat\/w\/wp-content\/uploads\/2021\/01\/safo.jpg\" alt=\"\" width=\"288\" height=\"336\" \/><\/p>\n<p><span style=\"color: #800080;\"><strong><em>\u00a0<\/em><\/strong><\/span><em><span style=\"color: #808080; font-family: 'trebuchet ms', geneva, sans-serif;\"><span style=\"color: #800080;\"><strong>10th Simposium of international association of women philosophers\u00a0<\/strong><\/span>Ambientaci\u00f3 simb\u00f2lica de l\u2019escenari en el concert d&#8217;obertura que relaciona la m\u00fasica, la filosofia i les dones.\u00a0Concert a c\u00e0rrec de Montserrat Figueres i Arianna Savall, acompanyat d\u2019uns textos que anaven situant, l\u2019espectador en aquesta relaci\u00f3 amb la dona.<\/span><\/em><\/p>\n<p><span style=\"color: #808080; font-family: trebuchet ms, geneva, sans-serif;\"><i>Va cursar tota la formaci\u00f3 d\u2019orientaci\u00f3 antropos\u00f2fica en pedagogia Waldorf i ha\u00a0<\/i><span style=\"caret-color: #808080;\"><i>sigut<\/i><\/span><i>\u00a0mestra durant 15 anys a l\u2019escola Waldorf-Steiner El Til\u00b7ler de Bellaterra, on ha exercit l\u2019especialitat d&#8217;Educaci\u00f3 en valors.<\/i><\/span><\/p>\n<p><em><span style=\"color: #808080; font-family: 'trebuchet ms', geneva, sans-serif;\">Va cursar la formaci\u00f3 de Biografia amb la reconeguda mestra Mari\u00e9 de U\u00f1a i exerceix regularment com a bi\u00f2grafa a la seva consulta de Collbat\u00f3.<\/span><\/em><\/p>\n<p><span style=\"color: #800080;\"><em><span style=\"font-family: 'trebuchet ms', geneva, sans-serif;\"><strong>Tamb\u00e9 organitza classes, cursos entorn de les festes anuals, cerim\u00f2nies, rituals i els seus elements i celebracions personalitzades.<\/strong><\/span><\/em><\/span><\/p>\n<p><em><span style=\"color: #808080; font-family: 'trebuchet ms', geneva, sans-serif;\">Ha estat<span style=\"color: #800080;\"><strong> creadora del festival de m\u00fasica vibracional FESTIVAL GONG <\/strong><\/span>que se celebra cada any a les Coves de Montserrat, del qual \u00e9s la directora.<\/span><\/em><\/p>\n","protected":false},"excerpt":{"rendered":"<p>Angelina Esteve \u00e9s llicenciada en Filologia per la Universitat de Barcelona, on a partir de l\u2019estudi de la semi\u00f2tica amb el professor Sebasti\u00e0 Serrano se li va despertar l\u2019inter\u00e8s cap a la comunicaci\u00f3 metaling\u00fc\u00edstica i el llenguatge no verbal. Llargues estades en pa\u00efsos d\u2019Europa i&nbsp;<a class=\"read-more\" href=\"https:\/\/laflordelavida.cat\/w\/ca\/angelina-esteve-cat\/\">&hellip;<\/a><\/p>\n","protected":false},"author":2,"featured_media":0,"parent":0,"menu_order":0,"comment_status":"closed","ping_status":"closed","template":"template-full.php","meta":{"footnotes":""},"class_list":["post-1601","page","type-page","status-publish","hentry"],"_links":{"self":[{"href":"https:\/\/laflordelavida.cat\/w\/wp-json\/wp\/v2\/pages\/1601","targetHints":{"allow":["GET"]}}],"collection":[{"href":"https:\/\/laflordelavida.cat\/w\/wp-json\/wp\/v2\/pages"}],"about":[{"href":"https:\/\/laflordelavida.cat\/w\/wp-json\/wp\/v2\/types\/page"}],"author":[{"embeddable":true,"href":"https:\/\/laflordelavida.cat\/w\/wp-json\/wp\/v2\/users\/2"}],"replies":[{"embeddable":true,"href":"https:\/\/laflordelavida.cat\/w\/wp-json\/wp\/v2\/comments?post=1601"}],"version-history":[{"count":5,"href":"https:\/\/laflordelavida.cat\/w\/wp-json\/wp\/v2\/pages\/1601\/revisions"}],"predecessor-version":[{"id":1923,"href":"https:\/\/laflordelavida.cat\/w\/wp-json\/wp\/v2\/pages\/1601\/revisions\/1923"}],"wp:attachment":[{"href":"https:\/\/laflordelavida.cat\/w\/wp-json\/wp\/v2\/media?parent=1601"}],"curies":[{"name":"wp","href":"https:\/\/api.w.org\/{rel}","templated":true}]}}