{"id":1457,"date":"2023-10-07T07:25:49","date_gmt":"2023-10-07T05:25:49","guid":{"rendered":"https:\/\/laflordelavida.cat\/w\/?page_id=1457"},"modified":"2023-10-22T20:15:16","modified_gmt":"2023-10-22T18:15:16","slug":"cerimonies-_bck-2","status":"publish","type":"page","link":"https:\/\/laflordelavida.cat\/w\/ca\/cerimonies-_bck-2\/","title":{"rendered":"Cerim\u00f2nies"},"content":{"rendered":"<p style=\"text-align: center;\"><div class='content-column one_fourth'><div style=\"padding-right:15px;\"><img decoding=\"async\" class=\"imgcol1 aligncenter\" src=\"http:\/\/laflordelavida.cat\/w\/wp-content\/uploads\/2023\/10\/IMG-20210730-WA0000-e1627639124121-300x289.jpg\" alt=\"\" \/><br \/><\/div><\/div><\/p>\n<p style=\"text-align: center;\"><div class='content-column one_fourth'><div style=\"padding-right:15px;\"><img decoding=\"async\" class=\"imgcol1 aligncenter\" src=\"http:\/\/laflordelavida.cat\/w\/wp-content\/uploads\/2021\/07\/IMG-20210730-WA0006-e1696659980664-300x289.jpg\" alt=\"\" \/><br \/><\/div><\/div><\/p>\n<p style=\"text-align: center;\"><div class='content-column one_fourth'><div style=\"padding-right:15px;\"><img decoding=\"async\" class=\"imgcol1 aligncenter\" src=\"http:\/\/laflordelavida.cat\/w\/wp-content\/uploads\/2021\/03\/IMG-20210303-WA0001-e1696660025924-249x300.jpg\" alt=\"\" width=\"237\" \/><br \/><\/div><\/div><\/p>\n<p style=\"text-align: center;\"><div class='content-column one_fourth last_column'><div style=\"padding-right:15px;\"><img decoding=\"async\" class=\"imgcol1 aligncenter\" src=\"http:\/\/laflordelavida.cat\/w\/wp-content\/uploads\/2023\/10\/Captura-de-pantalla-2023-10-07-a-les-7.22.37-e1696656298225-220x300.png\" alt=\"\" \/><br \/><\/div><\/div><div class='clear_column'><\/div><br \/>\n<em><span style=\"font-family: 'trebuchet ms', geneva, sans-serif;\"><span style=\"color: #808080;\">Angelina Esteve posa a disposici\u00f3 la seva experi\u00e8ncia en la creaci\u00f3 de<\/span> <span style=\"color: #800080;\"><strong>cerim\u00f2nies personalitzades<\/strong> <strong>i \u00faniques<\/strong><\/span><span style=\"color: #808080;\"> amb l&#8217;organitzaci\u00f3 d&#8217;actes que reflecteixen el sentiment de les persones que el realitzen:\u00a0<\/span><span style=\"color: #800000;\"><strong>c<span style=\"color: #800080;\">asaments, comiats, aniversaris de noces i celebracions d&#8217;aniversaris especials<\/span><\/strong><span style=\"color: #800080;\">.<\/span><\/span><\/span><\/em><\/p>\n<p><img loading=\"lazy\" decoding=\"async\" class=\"wp-image-458 alignleft\" src=\"http:\/\/laflordelavida.cat\/w\/wp-content\/uploads\/2021\/03\/DSCF1095-copy-e1614776344925.jpg\" alt=\"\" width=\"1303\" height=\"862\" \/><\/p>\n<p><em><span style=\"font-family: 'trebuchet ms', geneva, sans-serif; color: #808080;\">En aquest servei l&#8217;Angelina acompanya els celebrants des de l&#8217;elecci\u00f3 del lloc, la disposici\u00f3 de l&#8217;espai i la creaci\u00f3 de l&#8217;ambient a fer que tots els gestos, rituals, lectures i m\u00fasica prenguin un sentit i una relaci\u00f3 amb ells.<\/span><\/em><\/p>\n<p><img loading=\"lazy\" decoding=\"async\" class=\"alignnone size-full wp-image-665\" src=\"http:\/\/laflordelavida.cat\/w\/wp-content\/uploads\/2021\/07\/caliz-foto-per-cerimonies-scaled.jpg\" alt=\"\" width=\"2560\" height=\"1437\" \/><\/p>\n<p style=\"text-align: left;\"><em><span style=\"font-family: 'trebuchet ms', geneva, sans-serif;\"><span style=\"color: #808080;\">Fes dels moments m\u00e9s importants un reflex de la teva manera de ser.<span style=\"color: #800080;\"><strong> Tamb\u00e9 pot crear espais simb\u00f2lics per simposis, confer\u00e8ncies o actes especials<\/strong>.<\/span><\/span><\/span><\/em><\/p>\n<p style=\"text-align: center;\"><div class='content-column one_third'><div style=\"padding-right:15px;\"><img decoding=\"async\" class=\"imgcol2 aligncenter\" src=\"http:\/\/laflordelavida.cat\/w\/wp-content\/uploads\/2021\/05\/venus-escultura-new-282x300.jpg\" alt=\"\" \/><br \/><\/div><\/div><\/p>\n<p style=\"text-align: center;\"><div class='content-column one_third'><div style=\"padding-right:15px;\"><img decoding=\"async\" class=\"imgcol2 aligncenter\" src=\"http:\/\/laflordelavida.cat\/w\/wp-content\/uploads\/2021\/04\/2021-04-21-3-273x300.png\" \/><br \/><\/div><\/div><\/p>\n<p style=\"text-align: center;\"><div class='content-column one_third last_column'><div style=\"padding-right:15px;\"><img decoding=\"async\" class=\"imgcol2 aligncenter\" src=\"http:\/\/laflordelavida.cat\/w\/wp-content\/uploads\/2023\/10\/mostrant-nenufar-300x300.jpg\" alt=\"\" \/><br \/><\/div><\/div><div class='clear_column'><\/div><\/p>\n<p>&nbsp;<\/p>\n<p style=\"text-align: center;\"><div class='content-column one_half'><p style=\"text-align: center;\"><img decoding=\"async\" class=\"imgcol3 aligncenter\" src=\"http:\/\/laflordelavida.cat\/w\/wp-content\/uploads\/2020\/08\/candle_light_wallpapers_27-1-1-300x240.jpg\" alt=\"\" \/><br \/><\/div><\/p>\n<p style=\"text-align: center;\"><div class='content-column one_half last_column'><div style=\"padding-right:15px;\"><img decoding=\"async\" class=\"imgcol3 aligncenter\" src=\"http:\/\/laflordelavida.cat\/w\/wp-content\/uploads\/2020\/08\/ceremonia-2-1-300x158.png\" alt=\"\" \/><br \/><\/div><\/div><div class='clear_column'><\/div><\/p>\n<div class=\"gmail_default\" style=\"text-align: center;\"><span style=\"color: #800080;\"><em><span style=\"font-family: 'trebuchet ms', geneva, sans-serif;\"><span style=\"font-size: 14pt;\"><span style=\"font-size: 18pt;\">\u00a0<\/span><\/span><\/span><\/em><\/span><\/div>\n<div><\/div>\n<div><\/div>\n<div><\/div>\n<div class=\"gmail_default\" style=\"text-align: center;\"><span style=\"color: #800080;\"><em><span style=\"font-family: 'trebuchet ms', geneva, sans-serif;\"><span style=\"font-size: 14pt;\"><strong>Fes eterns els moments m\u00e9s importants de la teva vida! <span style=\"color: #808080;\">Envia&#8217;m un correu a <a href=\"mailto:angelina@laflordelavida.cat\">angelina@laflordelavida.cat<\/a><\/span><\/strong><\/span><\/span><\/em><\/span><\/div>\n","protected":false},"excerpt":{"rendered":"<p>Angelina Esteve posa a disposici\u00f3 la seva experi\u00e8ncia en la creaci\u00f3 de cerim\u00f2nies personalitzades i \u00faniques amb l&#8217;organitzaci\u00f3 d&#8217;actes que reflecteixen el sentiment de les persones que el realitzen:\u00a0casaments, comiats, aniversaris de noces i celebracions d&#8217;aniversaris especials. En aquest servei l&#8217;Angelina acompanya els celebrants des&nbsp;<a class=\"read-more\" href=\"https:\/\/laflordelavida.cat\/w\/ca\/cerimonies-_bck-2\/\">&hellip;<\/a><\/p>\n","protected":false},"author":2,"featured_media":0,"parent":0,"menu_order":0,"comment_status":"closed","ping_status":"closed","template":"template-full.php","meta":{"footnotes":""},"class_list":["post-1457","page","type-page","status-publish","hentry"],"_links":{"self":[{"href":"https:\/\/laflordelavida.cat\/w\/wp-json\/wp\/v2\/pages\/1457","targetHints":{"allow":["GET"]}}],"collection":[{"href":"https:\/\/laflordelavida.cat\/w\/wp-json\/wp\/v2\/pages"}],"about":[{"href":"https:\/\/laflordelavida.cat\/w\/wp-json\/wp\/v2\/types\/page"}],"author":[{"embeddable":true,"href":"https:\/\/laflordelavida.cat\/w\/wp-json\/wp\/v2\/users\/2"}],"replies":[{"embeddable":true,"href":"https:\/\/laflordelavida.cat\/w\/wp-json\/wp\/v2\/comments?post=1457"}],"version-history":[{"count":53,"href":"https:\/\/laflordelavida.cat\/w\/wp-json\/wp\/v2\/pages\/1457\/revisions"}],"predecessor-version":[{"id":1937,"href":"https:\/\/laflordelavida.cat\/w\/wp-json\/wp\/v2\/pages\/1457\/revisions\/1937"}],"wp:attachment":[{"href":"https:\/\/laflordelavida.cat\/w\/wp-json\/wp\/v2\/media?parent=1457"}],"curies":[{"name":"wp","href":"https:\/\/api.w.org\/{rel}","templated":true}]}}