{"id":1434,"date":"2023-10-05T08:04:09","date_gmt":"2023-10-05T06:04:09","guid":{"rendered":"https:\/\/laflordelavida.cat\/w\/la-flor-de-la-vida-espanol\/"},"modified":"2023-10-12T12:28:12","modified_gmt":"2023-10-12T10:28:12","slug":"la-flor-de-la-vida-espanol","status":"publish","type":"page","link":"https:\/\/laflordelavida.cat\/w\/es\/","title":{"rendered":"La flor de la vida &#8211; Espa\u00f1ol"},"content":{"rendered":"<p style=\"text-align: center;\"><span style=\"font-family: 'trebuchet ms', geneva, sans-serif; color: #808080;\"><em> La flor de la vida es una figura geom\u00e9trica que simboliza el sentido, la belleza y el equilibrio de la creaci\u00f3n.<\/em><\/span><br \/><span style=\"font-family: 'trebuchet ms', geneva, sans-serif; color: #808080;\"><em>Tambi\u00e9n es el nombre del proyecto de Angelina Esteve que engloba diversas disciplinas.<\/em><\/span><\/p>\r\n<p>&nbsp;<\/p>\r\n\r\n<p>&nbsp;<\/p>","protected":false},"excerpt":{"rendered":"<p>La flor de la vida es una figura geom\u00e9trica que simboliza el sentido, la belleza y el equilibrio de la creaci\u00f3n.Tambi\u00e9n es el nombre del proyecto de Angelina Esteve que engloba diversas disciplinas. &nbsp; &nbsp;<\/p>\n","protected":false},"author":2,"featured_media":0,"parent":0,"menu_order":0,"comment_status":"closed","ping_status":"closed","template":"template-full-without-title.php","meta":{"footnotes":""},"class_list":["post-1434","page","type-page","status-publish","hentry"],"_links":{"self":[{"href":"https:\/\/laflordelavida.cat\/w\/wp-json\/wp\/v2\/pages\/1434","targetHints":{"allow":["GET"]}}],"collection":[{"href":"https:\/\/laflordelavida.cat\/w\/wp-json\/wp\/v2\/pages"}],"about":[{"href":"https:\/\/laflordelavida.cat\/w\/wp-json\/wp\/v2\/types\/page"}],"author":[{"embeddable":true,"href":"https:\/\/laflordelavida.cat\/w\/wp-json\/wp\/v2\/users\/2"}],"replies":[{"embeddable":true,"href":"https:\/\/laflordelavida.cat\/w\/wp-json\/wp\/v2\/comments?post=1434"}],"version-history":[{"count":2,"href":"https:\/\/laflordelavida.cat\/w\/wp-json\/wp\/v2\/pages\/1434\/revisions"}],"predecessor-version":[{"id":1654,"href":"https:\/\/laflordelavida.cat\/w\/wp-json\/wp\/v2\/pages\/1434\/revisions\/1654"}],"wp:attachment":[{"href":"https:\/\/laflordelavida.cat\/w\/wp-json\/wp\/v2\/media?parent=1434"}],"curies":[{"name":"wp","href":"https:\/\/api.w.org\/{rel}","templated":true}]}}