{"id":119,"date":"2020-08-18T22:44:53","date_gmt":"2020-08-18T20:44:53","guid":{"rendered":"http:\/\/biografia.cat\/w\/?page_id=119"},"modified":"2021-10-25T23:30:20","modified_gmt":"2021-10-25T21:30:20","slug":"la-flor-de-la-vida","status":"publish","type":"page","link":"https:\/\/laflordelavida.cat\/w\/ca\/","title":{"rendered":"La flor de la vida"},"content":{"rendered":"<p style=\"text-align: center;\"><span style=\"font-family: 'trebuchet ms', geneva, sans-serif; color: #808080;\"><em>La flor de la vida \u00e9s una figura geom\u00e8trica que simbolitza el sentit, la bellesa i l&#8217;equilibri de la creaci\u00f3.<\/em><\/span><br \/><span style=\"font-family: 'trebuchet ms', geneva, sans-serif; color: #808080;\"><em>Tamb\u00e9 \u00e9s el nom del projecte d&#8217;Angelina Esteve el qual engloba diverses disciplines.<\/em><\/span><\/p>\r\n<p>&nbsp;<\/p>\r\n","protected":false},"excerpt":{"rendered":"<p>La flor de la vida \u00e9s una figura geom\u00e8trica que simbolitza el sentit, la bellesa i l&#8217;equilibri de la creaci\u00f3.Tamb\u00e9 \u00e9s el nom del projecte d&#8217;Angelina Esteve el qual engloba diverses disciplines. &nbsp;<\/p>\n","protected":false},"author":3,"featured_media":0,"parent":0,"menu_order":0,"comment_status":"closed","ping_status":"closed","template":"template-full-without-title.php","meta":{"footnotes":""},"class_list":["post-119","page","type-page","status-publish","hentry"],"_links":{"self":[{"href":"https:\/\/laflordelavida.cat\/w\/wp-json\/wp\/v2\/pages\/119","targetHints":{"allow":["GET"]}}],"collection":[{"href":"https:\/\/laflordelavida.cat\/w\/wp-json\/wp\/v2\/pages"}],"about":[{"href":"https:\/\/laflordelavida.cat\/w\/wp-json\/wp\/v2\/types\/page"}],"author":[{"embeddable":true,"href":"https:\/\/laflordelavida.cat\/w\/wp-json\/wp\/v2\/users\/3"}],"replies":[{"embeddable":true,"href":"https:\/\/laflordelavida.cat\/w\/wp-json\/wp\/v2\/comments?post=119"}],"version-history":[{"count":2,"href":"https:\/\/laflordelavida.cat\/w\/wp-json\/wp\/v2\/pages\/119\/revisions"}],"predecessor-version":[{"id":1232,"href":"https:\/\/laflordelavida.cat\/w\/wp-json\/wp\/v2\/pages\/119\/revisions\/1232"}],"wp:attachment":[{"href":"https:\/\/laflordelavida.cat\/w\/wp-json\/wp\/v2\/media?parent=119"}],"curies":[{"name":"wp","href":"https:\/\/api.w.org\/{rel}","templated":true}]}}