{"id":1172,"date":"2021-10-17T18:05:47","date_gmt":"2021-10-17T16:05:47","guid":{"rendered":"http:\/\/laflordelavida.cat\/w\/?page_id=1172"},"modified":"2021-10-25T23:35:46","modified_gmt":"2021-10-25T21:35:46","slug":"politica-de-privacitat","status":"publish","type":"page","link":"https:\/\/laflordelavida.cat\/w\/ca\/politica-de-privacitat\/","title":{"rendered":"Pol\u00edtica de privacitat"},"content":{"rendered":"<p><span style=\"font-size: 14pt;\"><em><span style=\"font-family: 'trebuchet ms', geneva, sans-serif;\"><strong><span style=\"color: #993366;\">Av\u00eds legal<\/span><\/strong><\/span><\/em><\/span><br \/>\n<span style=\"font-size: 14pt;\"><em><span style=\"font-family: 'trebuchet ms', geneva, sans-serif;\">Aquest av\u00eds i informaci\u00f3 legal regula l\u2019\u00fas del web www.laflordelavida.cat que posa a disposici\u00f3 dels usuaris d\u2019Internet.<\/span><\/em><\/span><br \/>\n<span style=\"font-size: 14pt;\"><em><span style=\"font-family: 'trebuchet ms', geneva, sans-serif;\">Mitjan\u00e7ant el web, laflordelvida ofereix als usuaris l\u2019acc\u00e9s i la utilitzaci\u00f3 de diversos serveis i continguts com poden ser productes i serveis.<\/span><\/em><\/span><\/p>\n<p><span style=\"font-size: 14pt;\"><em><span style=\"font-family: 'trebuchet ms', geneva, sans-serif;\">L\u2019usuari es compromet a utilitzar el web i els serveis en conformitat amb la llei i el present av\u00eds legal aix\u00ed com la moral i els bons costums generalment acceptades i d\u2019ordre p\u00fablic.<\/span><\/em><\/span><br \/>\n<span style=\"font-size: 14pt;\"><em><span style=\"font-family: 'trebuchet ms', geneva, sans-serif;\">L\u2019usuari es compromet a utilitzar els continguts posats a disposici\u00f3 dels usuaris en el web, entenent per aquests: els textos, imatges, gr\u00e0fics, icones, tecnologia, software, links i els altres continguts audiovisuals o sonors, aix\u00ed com el disseny gr\u00e0fic i el codi font (d\u2019ara endavant continguts), de conformitat amb la llei, i en particular, es compromet en abstenir-se de:<\/span><\/em><\/span><\/p>\n<p><span style=\"font-size: 14pt;\"><em><span style=\"font-family: 'trebuchet ms', geneva, sans-serif;\">A. Reproduir, copiar, distribuir, transformar o modificar els continguts, sense autoritzaci\u00f3 del titular dels drets corresponents.<\/span><\/em><\/span><br \/>\n<span style=\"font-size: 14pt;\"><em><span style=\"font-family: 'trebuchet ms', geneva, sans-serif;\">B. Suprimir, manipular o de qualsevol altra forma alterar el copyright i altres dades identificatives de la reserva de drets de laflordelavida o dels seus titulars.<\/span><\/em><\/span><\/p>\n<p><span style=\"font-size: 14pt;\"><em><span style=\"font-family: 'trebuchet ms', geneva, sans-serif;\">Disponibilitat i continu\u00eftat:<\/span><\/em><\/span><\/p>\n<p><span style=\"font-size: 14pt;\"><em><span style=\"font-family: 'trebuchet ms', geneva, sans-serif;\">Laflordelavida no garanteix la disponibilitat i continu\u00eftat del funcionament del web i dels serveis. Quan sigui raonablement possible, laflordelavida avisar\u00e0 pr\u00e8viament de les interrupcions en el funcionament del web i dels serveis.<\/span><\/em><\/span><\/p>\n<p><span style=\"font-size: 12pt;\"><em><span style=\"font-family: 'trebuchet ms', geneva, sans-serif;\">LAFLORDELAVIDA, EXCLOU AMB TOTA L\u2019EXTENSI\u00d3 PERMESA PER L\u2019ORDENAMENT JUR\u00cdDIC QUALSEVOL RESPONSABILITAT PELS DANYS I PERJUDICIS DE TOTA NATURALESA QUE PUGUIN SER LA CAUSA DE LA FALTA DE DISPONIBILITAT O DE CONTINU\u00cfTAT DEL FUNCIONAMENT DEL WEB O DELS SERVEIS, A LA DEFRAUDACI\u00d3 DE LA UTILITAT QUE ELS USUARIS HAGUESSIN POGUT ATRIBUIR AL WEB I ALS SERVEIS, A LA FIABILITAT DEL PORTAL I DELS SERVEIS, I EN CONCRET, TOT I QUE NO DE FORMA EXCLUSIVA, A LES ERRADES D\u2019ACC\u00c9S A LES DIFERENTS P\u00c0GINES WEB.<\/span><\/em><\/span><\/p>\n<p><span style=\"font-size: 14pt;\"><em><span style=\"font-family: 'trebuchet ms', geneva, sans-serif;\"><strong><span style=\"color: #993366;\">Pol\u00edtica de privacitat<\/span><\/strong><\/span><\/em><\/span><br \/>\n<span style=\"font-size: 14pt;\"><em><span style=\"font-family: 'trebuchet ms', geneva, sans-serif;\">Seguint els principis de licitud, lleialtat i transpar\u00e8ncia, posem a la seva disposici\u00f3 la present Pol\u00edtica de Privacitat.<\/span><\/em><\/span><\/p>\n<p><span style=\"font-size: 14pt;\"><em><span style=\"font-family: 'trebuchet ms', geneva, sans-serif;\"><span style=\"color: #993366;\">Amb quina finalitat tractem les seves dades personals<\/span>?<\/span><\/em><\/span><\/p>\n<p><span style=\"font-size: 14pt;\"><em><span style=\"font-family: 'trebuchet ms', geneva, sans-serif;\">A laflordelavida.cat tractem la informaci\u00f3 que ens facilita amb la finalitat de gestionar la relaci\u00f3 contractual que ens uneix, gestionar l&#8217;enviament de la informaci\u00f3 que ens sol\u00b7licita, facilitar als interessats ofertes dels nostres serveis i \/ o productes del seu inter\u00e8s.<\/span><\/em><\/span><\/p>\n<p><span style=\"font-size: 14pt;\"><em><span style=\"color: #993366; font-family: 'trebuchet ms', geneva, sans-serif;\">Quina \u00e9s la legitimaci\u00f3 per al tractament de les seves dades?<\/span><\/em><\/span><\/p>\n<p><span style=\"font-size: 14pt;\"><em><span style=\"font-family: 'trebuchet ms', geneva, sans-serif;\">La base legal per al tractament de les seves dades personals pot ser l&#8217;execuci\u00f3 d&#8217;una relaci\u00f3 contractual potencial i \/ o subscrita, l&#8217;inter\u00e8s leg\u00edtim, l&#8217;habilitaci\u00f3 legal i \/ o el consentiment de la persona interessada. Les dades que li sol\u00b7licitem s\u00f3n adequades, pertinents i estrictament necess\u00e0ries i en cap cas est\u00e0 obligat a facilitar, per\u00f2 la seva no comunicaci\u00f3 podr\u00e0 afectar a la finalitat del servei o la impossibilitat de prestar-lo.<\/span><\/em><\/span><\/p>\n","protected":false},"excerpt":{"rendered":"<p>Av\u00eds legal Aquest av\u00eds i informaci\u00f3 legal regula l\u2019\u00fas del web www.laflordelavida.cat que posa a disposici\u00f3 dels usuaris d\u2019Internet. Mitjan\u00e7ant el web, laflordelvida ofereix als usuaris l\u2019acc\u00e9s i la utilitzaci\u00f3 de diversos serveis i continguts com poden ser productes i serveis. L\u2019usuari es compromet a&nbsp;<a class=\"read-more\" href=\"https:\/\/laflordelavida.cat\/w\/ca\/politica-de-privacitat\/\">&hellip;<\/a><\/p>\n","protected":false},"author":2,"featured_media":0,"parent":0,"menu_order":0,"comment_status":"closed","ping_status":"closed","template":"","meta":{"footnotes":""},"class_list":["post-1172","page","type-page","status-publish","hentry"],"_links":{"self":[{"href":"https:\/\/laflordelavida.cat\/w\/wp-json\/wp\/v2\/pages\/1172","targetHints":{"allow":["GET"]}}],"collection":[{"href":"https:\/\/laflordelavida.cat\/w\/wp-json\/wp\/v2\/pages"}],"about":[{"href":"https:\/\/laflordelavida.cat\/w\/wp-json\/wp\/v2\/types\/page"}],"author":[{"embeddable":true,"href":"https:\/\/laflordelavida.cat\/w\/wp-json\/wp\/v2\/users\/2"}],"replies":[{"embeddable":true,"href":"https:\/\/laflordelavida.cat\/w\/wp-json\/wp\/v2\/comments?post=1172"}],"version-history":[{"count":5,"href":"https:\/\/laflordelavida.cat\/w\/wp-json\/wp\/v2\/pages\/1172\/revisions"}],"predecessor-version":[{"id":1209,"href":"https:\/\/laflordelavida.cat\/w\/wp-json\/wp\/v2\/pages\/1172\/revisions\/1209"}],"wp:attachment":[{"href":"https:\/\/laflordelavida.cat\/w\/wp-json\/wp\/v2\/media?parent=1172"}],"curies":[{"name":"wp","href":"https:\/\/api.w.org\/{rel}","templated":true}]}}